{"id":226,"date":"2025-04-17T12:27:14","date_gmt":"2025-04-17T12:27:14","guid":{"rendered":"https:\/\/track3ensemble.eu\/?page_id=226"},"modified":"2025-04-18T05:44:15","modified_gmt":"2025-04-18T05:44:15","slug":"226-2","status":"publish","type":"page","link":"https:\/\/track3ensemble.eu\/de\/226-2\/","title":{"rendered":"Taavi Orro"},"content":{"rendered":"<p class=\"justify-text\">Der estnische Klarinettist <strong>Taavi Orro<\/strong> f\u00fchrt eine vielseitige Karriere als Kammermusiker und Orchestermusiker. Zu seinen letzten bemerkenswerten Auftritten z\u00e4hlen Kooperationen mit dem Klangforum Wien, dem Helsinki Philharmonic Orchestra, dem Lahti Symphony Orchestra, dem Estonian Festival Orchestra und der S\u00e4chsischen Staatskapelle Dresden. Dar\u00fcber hinaus gab er Recitals in Helsinki Music Centre (Helsinki, Finnland) sowie bei Festivals wie AFEKT, COMMUTE (Estland) und impuls (\u00d6sterreich). Taavi ist Mitglied zweier Kammermusikensembles mit Schwerpunkt auf Musik des 20. und 21. Jahrhunderts \u2013 dem Duo Orro-Fleitz (mit dem Pianisten Robert Fleitz) und Track3 (mit dem Bratschisten Elijah Spies und der Pianistin Shan-Chi Hsu).\u00a0<br><br>Taavi absolvierte seinen Bachelor of Arts an der Hochschule f\u00fcr Musik, Theater und Medien Hannover bei Johannes Peitz und erwarb anschlie\u00dfend seinen Master of Music an der Sibelius-Akademie in Helsinki bei Harri M\u00e4ki. Dar\u00fcber hinaus studierte er bei Bj\u00f6rn Nyman, Sebastian Manz, Wolfgang Meyer, T\u00f5nu Kalm, Vello Sakkos und Meelis Allsoo.<br><br>Taavi arbeitete mit dem Klangforum Wien (\u00d6sterreich), dem Ensemble for New Music Tallinn (Estland), dem Ensemble ur.werk (Deutschland) und dem Schallfeld Ensemble (\u00d6sterreich) zusammen. Zu den H\u00f6hepunkten seiner Konzertt\u00e4tigkeit z\u00e4hlen Auftritte bei den Baltic Music Days, dem Festival AFEKT, dem COMMUTE Festival und dem P\u00e4rnu Music Festival (Estland), bei IEMA Klangspuren Schwaz, impuls und der Grafenegg Academy (\u00d6sterreich), der Hans Zender Akademie und dem Magazin-Festival 2025 (Deutschland), dem Sarasota Music Festival (USA) sowie beim Tongyeong International Music Festival und dem Daegu International Contemporary Music Festival (S\u00fcdkorea). Taavi musizierte au\u00dferdem mit der deutschen Hornistin Marie-Luise Neunecker und Mitgliedern des Minguet Quartetts bei Villa Musica (Schloss Engers, Deutschland).\u00a0<br><br>Taavi dankt Live Music Now Hannover e.V. herzlich f\u00fcr die Unterst\u00fctzung seines Studiums.\u00a0<br><br>Seit 2019 ist Taavi Mitglied des Estnischen Nationalen Symphonieorchesters.<\/p>\n\n\n\n<p><\/p>","protected":false},"excerpt":{"rendered":"<p>Estonian clarinettist Taavi Orro enjoys a varied career as a chamber musician and orchestral player. Notable recent performances include collaborations with Klangforum Wien, Helsinki Philharmonic Orchestra, Lahti Symphony Orchestra, Estonian Festival Orchestra and Staatskapelle Dresden. In addition, recitals at Helsinki Music Centre (Helsinki, Finland) and at festivals AFEKT, COMMUTE (Estonia) and impuls (Austria). Taavi is [&hellip;]<\/p>\n","protected":false},"author":1,"featured_media":0,"parent":0,"menu_order":0,"comment_status":"closed","ping_status":"closed","template":"","meta":{"footnotes":""},"class_list":["post-226","page","type-page","status-publish","hentry"],"_links":{"self":[{"href":"https:\/\/track3ensemble.eu\/de\/wp-json\/wp\/v2\/pages\/226","targetHints":{"allow":["GET"]}}],"collection":[{"href":"https:\/\/track3ensemble.eu\/de\/wp-json\/wp\/v2\/pages"}],"about":[{"href":"https:\/\/track3ensemble.eu\/de\/wp-json\/wp\/v2\/types\/page"}],"author":[{"embeddable":true,"href":"https:\/\/track3ensemble.eu\/de\/wp-json\/wp\/v2\/users\/1"}],"replies":[{"embeddable":true,"href":"https:\/\/track3ensemble.eu\/de\/wp-json\/wp\/v2\/comments?post=226"}],"version-history":[{"count":6,"href":"https:\/\/track3ensemble.eu\/de\/wp-json\/wp\/v2\/pages\/226\/revisions"}],"predecessor-version":[{"id":281,"href":"https:\/\/track3ensemble.eu\/de\/wp-json\/wp\/v2\/pages\/226\/revisions\/281"}],"wp:attachment":[{"href":"https:\/\/track3ensemble.eu\/de\/wp-json\/wp\/v2\/media?parent=226"}],"curies":[{"name":"wp","href":"https:\/\/api.w.org\/{rel}","templated":true}]}}