{"id":234,"date":"2025-04-17T12:36:39","date_gmt":"2025-04-17T12:36:39","guid":{"rendered":"https:\/\/track3ensemble.eu\/?page_id=234"},"modified":"2025-05-02T14:39:02","modified_gmt":"2025-05-02T14:39:02","slug":"elijah-spies","status":"publish","type":"page","link":"https:\/\/track3ensemble.eu\/de\/elijah-spies\/","title":{"rendered":"Elijah Spies"},"content":{"rendered":"<p class=\"justify-text translation-block\">Als ehemaliges Akademist von Ensemble Modern und der Basel Sinfonietta spielt Bratschist <strong>Elijah Spies<\/strong> im Schweizer Ensemble f\u00fcr zeitgen\u00f6ssische Musik, dem latenz ensemble, und hat Werke unter anderem bei den BBC Proms, dem Lucerne Festival, den Wittener Tagen f\u00fcr neue Kammermusik, den Darmst\u00e4dter Ferienkursen, New Music on the Point (USA), Gaudeamus Muziekweek in Utrecht (Niederlande) sowie beim Time of Music Festival in Viitasaari (Finnland) uraufgef\u00fchrt.<br>\n<br>Mit gro\u00dfer Leidenschaft f\u00fcr Kammermusik ist Elijah Mitglied von Track3 und Trio Anbau und erhielt k\u00fcrzlich intensiven Streichquartettunterricht bei Gy\u00f6rgy Kurt\u00e1g am Budapest Music Center.\nZu den H\u00f6hepunkten der Saison 2024\u201325 z\u00e4hlen Auftritte beim Into the Open Festival in Vilnius (Litauen), Acht Br\u00fccken in K\u00f6ln (Deutschland) und dem Bach Virtuosi Festival in Portland (Maine, USA) sowie Artist Residencies beim impuls Festival in \u00d6sterreich, dem Highlands-Cashiers Chamber Music Festival in North Carolina und bei der Casa di Rosa in der Schweiz.<br>\n<br>Seit 2019 spielt Elijah regelm\u00e4\u00dfig mit Concerts in Motion in New York, unter anderem in Krankenhausstationen, Senioreneinrichtungen und f\u00fcr isolierte, ans Haus gebundene Menschen. Er war Solist bei der COVID-Gedenkzeremonie in New York.<br><br>Elijah hat Abschl\u00fcsse von der Musik-Akademie Basel und der Juilliard School. In seiner Freizeit spielt er freie Improvisation, trifft gerne Katzen und verliert sich liebend gern in Wikipedia-Rabbit-Holes.<\/p>","protected":false},"excerpt":{"rendered":"<p>Violist Elijah Spies likes exploring sounds, both classical and new, in spaces ranging from living rooms to large concert halls. A former academist of Ensemble Modern and the Basel Sinfonietta, Elijah performs as the violist of the Swiss contemporary music group, latenz ensemble, and has premiered works at the BBC Proms, the Lucerne Festival, Wittener [&hellip;]<\/p>\n","protected":false},"author":1,"featured_media":0,"parent":0,"menu_order":0,"comment_status":"closed","ping_status":"closed","template":"","meta":{"footnotes":""},"class_list":["post-234","page","type-page","status-publish","hentry"],"_links":{"self":[{"href":"https:\/\/track3ensemble.eu\/de\/wp-json\/wp\/v2\/pages\/234","targetHints":{"allow":["GET"]}}],"collection":[{"href":"https:\/\/track3ensemble.eu\/de\/wp-json\/wp\/v2\/pages"}],"about":[{"href":"https:\/\/track3ensemble.eu\/de\/wp-json\/wp\/v2\/types\/page"}],"author":[{"embeddable":true,"href":"https:\/\/track3ensemble.eu\/de\/wp-json\/wp\/v2\/users\/1"}],"replies":[{"embeddable":true,"href":"https:\/\/track3ensemble.eu\/de\/wp-json\/wp\/v2\/comments?post=234"}],"version-history":[{"count":5,"href":"https:\/\/track3ensemble.eu\/de\/wp-json\/wp\/v2\/pages\/234\/revisions"}],"predecessor-version":[{"id":339,"href":"https:\/\/track3ensemble.eu\/de\/wp-json\/wp\/v2\/pages\/234\/revisions\/339"}],"wp:attachment":[{"href":"https:\/\/track3ensemble.eu\/de\/wp-json\/wp\/v2\/media?parent=234"}],"curies":[{"name":"wp","href":"https:\/\/api.w.org\/{rel}","templated":true}]}}