{"id":236,"date":"2025-04-17T12:36:47","date_gmt":"2025-04-17T12:36:47","guid":{"rendered":"https:\/\/track3ensemble.eu\/?page_id=236"},"modified":"2025-04-22T05:13:53","modified_gmt":"2025-04-22T05:13:53","slug":"shan-chi-hsu","status":"publish","type":"page","link":"https:\/\/track3ensemble.eu\/de\/shan-chi-hsu\/","title":{"rendered":"Shan-Chi Hsu"},"content":{"rendered":"<p class=\"justify-text translation-block\"><strong>Shan-Chi Hsu<\/strong> ist eine taiwanesische Konzertpianistin und Kammermusikerin. Ihre Auftritte f\u00fchrten sie in bedeutende Konzerts\u00e4le wie die National Concert Hall in Taiwan, die Alte Oper Frankfurt, den NDR Sendesaal Hannover und das KKL Luzern sowie zu Festivals wie dem Stresa Festival, dem Gaudeamus Festival und dem Lucerne Festival. <br><br>\n\nGeboren in Taiwan, begann Shan-Chi Hsu schon in jungen Jahren mit dem Klavierspiel und wurde bald Sch\u00fclerin von Rolf-Peter Wille in Taipeh. Sp\u00e4ter lernte sie auch Violoncello und spielte f\u00fcr lange Zeit beide Instrumente. 2013 zog sie nach Deutschland und erhielt sowohl ihren Bachelor- als auch ihren Master-Abschluss an der Hochschule f\u00fcr Musik, Theater und Medien in Hannover, wo sie k\u00fcrzlich auch das Konzertexamen unter der Leitung von Prof. Bernd Goetzke absolvierte. Sie hat an Meisterkursen prominenter K\u00fcnstler wie Sir Andr\u00e1s Schiff, Menahem Pressler, Robert Levin und Fou Ts'ong teilgenommen und wurde f\u00fcr ihre einf\u00fchlsame und reife Interpretation und ihren ausgepr\u00e4gten Vortragsstil gelobt.<br><br>\n\nAls aktive Pianistin und engagierte Kammermusikerin hat Shan-Chi Hsu in ganz Europa und Asien Konzerte gegeben. Sie wurde zu Festivals wie dem Stresa Festival, der Heidelberger Klavierwoche und dem Festival der Emil-Gilels-Stiftung eingeladen; als Solistin trat sie u. a. mit dem S\u00fcdwestdeutschen Kammerorchester Pforzheim und dem National Symphony Orchestra Taipeh auf. Sie ist Preistr\u00e4gerin des \u201eThe Cultural Youth Ambassador Music Talent Award\u201c der taiwanesischen Regierung, des renommierten 31. CHIMEI Cultural Foundation Artist Award in Taiwan, des Stipendiums f\u00fcr zeitgen\u00f6ssische Musik der Ernst von Siemens Musikstiftung und des Deutschlandstipendiums. <br><br>\n\nNeben dem Soloklavierspiel l\u00e4sst sich Shan-Chi Hsu vor allem vom Cembalo und der Liedinterpretation inspirieren; au\u00dferdem entdeckte sie fr\u00fch ihr ausgepr\u00e4gtes Interesse an zeitgen\u00f6ssischer Musik, das durch ihr Studium bei Pierre-Laurent Aimard an der Hochschule f\u00fcr Musik und Tanz K\u00f6ln besonders gef\u00f6rdert wurde. F\u00fcr die Spielzeit 2023\/2024 wurde sie als Pianistin der Internationalen Ensemble Modern Akademie in Frankfurt am Main ausgew\u00e4hlt, mit der sie bei bedeutenden Festivals wie den Wittener Tagen f\u00fcr Neue Kammermusik, dem Time of Music Festival in Viitasaari (Finnland) und dem Lucerne Festival auftrat. Sie brachten \u00fcber 20 neue Werke zur Urauff\u00fchrung, und ihre Auftritte wurden vom WDR, HR und SWR gesendet.<br><br>\n\nVon 2021 bis 2024 war Shan-Chi Hsu Lehrbeauftragte an der Klavierabteilung der HMTM Hannover.<\/p>","protected":false},"excerpt":{"rendered":"<p>Shan-Chi Hsu is a Taiwanese concert pianist and a chamber musician. Her performances have taken her to major venues including the National Concert Hall in Taiwan, Alte Oper Frankfurt, NDR Sendesaal Hannover, and KKL Lucerne, as well as to festivals such as the Stresa Festival, Gaudeamus Festival, and the Lucerne Festival. Born in Taiwan, Shan-Chi [&hellip;]<\/p>\n","protected":false},"author":1,"featured_media":0,"parent":0,"menu_order":0,"comment_status":"closed","ping_status":"closed","template":"","meta":{"footnotes":""},"class_list":["post-236","page","type-page","status-publish","hentry"],"_links":{"self":[{"href":"https:\/\/track3ensemble.eu\/de\/wp-json\/wp\/v2\/pages\/236","targetHints":{"allow":["GET"]}}],"collection":[{"href":"https:\/\/track3ensemble.eu\/de\/wp-json\/wp\/v2\/pages"}],"about":[{"href":"https:\/\/track3ensemble.eu\/de\/wp-json\/wp\/v2\/types\/page"}],"author":[{"embeddable":true,"href":"https:\/\/track3ensemble.eu\/de\/wp-json\/wp\/v2\/users\/1"}],"replies":[{"embeddable":true,"href":"https:\/\/track3ensemble.eu\/de\/wp-json\/wp\/v2\/comments?post=236"}],"version-history":[{"count":3,"href":"https:\/\/track3ensemble.eu\/de\/wp-json\/wp\/v2\/pages\/236\/revisions"}],"predecessor-version":[{"id":289,"href":"https:\/\/track3ensemble.eu\/de\/wp-json\/wp\/v2\/pages\/236\/revisions\/289"}],"wp:attachment":[{"href":"https:\/\/track3ensemble.eu\/de\/wp-json\/wp\/v2\/media?parent=236"}],"curies":[{"name":"wp","href":"https:\/\/api.w.org\/{rel}","templated":true}]}}