{"id":86,"date":"2025-04-16T20:02:57","date_gmt":"2025-04-16T20:02:57","guid":{"rendered":"https:\/\/track3ensemble.eu\/?page_id=86"},"modified":"2026-03-13T08:21:16","modified_gmt":"2026-03-13T08:21:16","slug":"about","status":"publish","type":"page","link":"https:\/\/track3ensemble.eu\/de\/","title":{"rendered":"About"},"content":{"rendered":"<p class=\"has-text-align-left has-medium-font-size\" style=\"margin-top:0px;margin-right:0px;margin-bottom:0px;margin-left:0px;padding-top:0px;padding-right:0px;padding-bottom:0px;padding-left:0px\"><strong>Track3<\/strong><br><br>Taavi Orro, Klarinette<br>Elijah Spies, Viola<br>Shan-Chi Hsu, Klavier<\/p>\n\n\n\n<p class=\"justify-text\"><strong>Track3<\/strong> ist ein Klarinetten-Viola-Klavier-Trio, das sich der Auff\u00fchrung von Werken des 20. und 21. Jahrhunderts widmet. Der Name steht symbolisch f\u00fcr drei Wege, die sich kreuzen: Musiker*innen aus Taiwan, Estland und den USA, deren unterschiedliche Stimmen in einem Raum der Neugier und des Entdeckens aufeinandertreffen.<br><br>K\u00fcrzlich wurde das Trio mit dem \"Dwight and Ursula Mamlok Prize for Interpreters of Contemporary Music\" ausgezeichnet und wird im Juni sein Deb\u00fct im Konzerthaus Berlin geben. Zu den weiteren bevorstehenden Auftritten z\u00e4hlen Konzerte beim \"Klangbr\u00fccken\"- Festival in Hannover, in der Konzertreihe \"Voraush\u00f6ren\" in Frankfurt sowie beim AFEKT Festival in Estland, bei denen insgesamt sechs neue Werke uraufgef\u00fchrt werden.<\/p>\n\n\n\n<p class=\"justify-text\">Gegr\u00fcndet im Jahr 2024 aus dem gemeinsamen Wunsch heraus, die Grenzen ihrer ungew\u00f6hnlichen Besetzung zu erweitern, arbeitet Track3 eng mit Komponist*innen zusammen, um neue musikalische Visionen zu realisieren und frische klangliche M\u00f6glichkeiten zu erkunden. 2025 war Track3 Ensemble-in-Residence beim impuls Festival in Graz, wo das Trio intensiv mit der Komponistin Clara Iannotta als Mentorin zusammenarbeitete und St\u00fccke von drei jungen Komponist*innen zur Urauff\u00fchrung brachte. Zu den bisherigen H\u00f6hepunkten z\u00e4hlen Auftritte beim \"H\u00f6rfest Neue Musik\" in Detmold sowie die Urauff\u00fchrung von Jesper Nordins \"Frozen Still Trio\" beim Magazin-Festival in Hannover.<br><br>Im Herbst 2026 wird Track3 \u201eUmbruch\/Turning Point\u201c urauff\u00fchren, ein interdisziplin\u00e4res Multimedia-Projekt, das Komponist*innen aus L\u00e4ndern in den Mittelpunkt stellt, die von faschistischen Tendenzen bedroht sind. Das Projekt, das von der Deutschen Orchester-Stiftung gef\u00f6rdert wurde, wird in der Konzertreihe \"Unerh\u00f6rte Musik\" in Berlin pr\u00e4sentiert.<br><br>Das Trio hat mit Komponist*innen wie Franck Bedrossian, Mart\u00f3n Ill\u00e9s und Jesper Nordin zusammengearbeitet und erhielt Anregungen von Mitgliedern des Klangforums Wien, des Ensemble Modern und des Quatuor Diotima.<br><br>Track3 engagiert sich f\u00fcr die Vergabe von Kompositionsauftr\u00e4gen und die Erarbeitung neuer Werke, die das Repertoire f\u00fcr diese Besetzung erweitern, und bringt in seinen Programmen eine gro\u00dfe Bandbreite kompositorischer Stimmen zusammen \u2013 Programme, die Innovation, Reflexion und Entdeckung f\u00f6rdern.<\/p>","protected":false},"excerpt":{"rendered":"<p>Track3 Taavi Orro, clarinetElijah Spies, violaShan-Chi Hsu, piano Track3 is a clarinet-viola-piano trio dedicated to performing works of the 20th and 21st centuries. The name reflects three paths crossing: musicians from Taiwan, Estonia, and the USA whose distinct voices meet in a space of curiosity and exploration. Recently, the trio was awarded the Dwight and [&hellip;]<\/p>\n","protected":false},"author":1,"featured_media":188,"parent":0,"menu_order":0,"comment_status":"closed","ping_status":"closed","template":"","meta":{"footnotes":""},"class_list":["post-86","page","type-page","status-publish","has-post-thumbnail","hentry"],"_links":{"self":[{"href":"https:\/\/track3ensemble.eu\/de\/wp-json\/wp\/v2\/pages\/86","targetHints":{"allow":["GET"]}}],"collection":[{"href":"https:\/\/track3ensemble.eu\/de\/wp-json\/wp\/v2\/pages"}],"about":[{"href":"https:\/\/track3ensemble.eu\/de\/wp-json\/wp\/v2\/types\/page"}],"author":[{"embeddable":true,"href":"https:\/\/track3ensemble.eu\/de\/wp-json\/wp\/v2\/users\/1"}],"replies":[{"embeddable":true,"href":"https:\/\/track3ensemble.eu\/de\/wp-json\/wp\/v2\/comments?post=86"}],"version-history":[{"count":37,"href":"https:\/\/track3ensemble.eu\/de\/wp-json\/wp\/v2\/pages\/86\/revisions"}],"predecessor-version":[{"id":424,"href":"https:\/\/track3ensemble.eu\/de\/wp-json\/wp\/v2\/pages\/86\/revisions\/424"}],"wp:featuredmedia":[{"embeddable":true,"href":"https:\/\/track3ensemble.eu\/de\/wp-json\/wp\/v2\/media\/188"}],"wp:attachment":[{"href":"https:\/\/track3ensemble.eu\/de\/wp-json\/wp\/v2\/media?parent=86"}],"curies":[{"name":"wp","href":"https:\/\/api.w.org\/{rel}","templated":true}]}}