{"id":88,"date":"2025-04-16T20:03:08","date_gmt":"2025-04-16T20:03:08","guid":{"rendered":"https:\/\/track3ensemble.eu\/?page_id=88"},"modified":"2026-04-27T12:46:21","modified_gmt":"2026-04-27T12:46:21","slug":"performances","status":"publish","type":"page","link":"https:\/\/track3ensemble.eu\/de\/performances\/","title":{"rendered":"Performances"},"content":{"rendered":"<p class=\"has-extra-large-font-size\" style=\"margin-top:0px;margin-right:0px;margin-bottom:0px;margin-left:0px;padding-top:0px;padding-right:0px;padding-bottom:0px;padding-left:0px\"><strong>2026<\/strong><\/p>\n\n\n\n<p><strong>15.04.2026<\/strong> &#8211; <a href=\"https:\/\/musik21niedersachsen.de\/veranstaltung\/beruehrungen-feldman-kurtag-klangbruecken-2026\" target=\"_blank\" rel=\"noreferrer noopener\"><strong>Klangbr\u00fccken Festival (Hannover, DE)<\/strong><\/a><br>Abedian<mark style=\"background-color:rgba(0, 0, 0, 0);color:#cf2e2e\" class=\"has-inline-color\">*<\/mark>, Berg, Cage, Feldman, Kurt\u00e1g, Mamlok, Wystup<mark style=\"background-color:rgba(0, 0, 0, 0);color:#cf2e2e\" class=\"has-inline-color\">*<\/mark><br><strong>16.04.2026 <\/strong>&#8211; <strong>Privates Konzert (Hannover, DE)<\/strong><br>Bruch, Hersant, Horovitz, Mozart, Rachmaninov, Saint-Sa\u00ebns, Schumann<br><strong>23.04.2026<\/strong> &#8211; <a href=\"https:\/\/www.frankfurter-buergerstiftung.de\/programm\/veranstaltungen\/2026-04-23\/voraushoeren-track3-560\" target=\"_blank\" rel=\"noreferrer noopener\"><strong>Konzertreihe \u201cVoraush\u00f6ren\u201d (Frankfurt, DE)<\/strong><\/a><br>Kurt\u00e1g, Lee, Schumann, Stroppa, V\u00f6lbel<mark style=\"background-color:rgba(0, 0, 0, 0);color:#cf2e2e\" class=\"has-inline-color\">*<\/mark><br><strong>28.06.2026<\/strong> &#8211; <strong><a href=\"https:\/\/www.konzerthaus.de\/en\/programm\/kontraste-rhapsodien-und-aphorismen\/12718\" target=\"_blank\" rel=\"noreferrer noopener\">Konzerthaus Berlin (Berlin, DE)<\/a><\/strong><br>Hanurij Lee, Ill\u00e9s, Kurt\u00e1g, Mamlok<br><strong>17.11.2026<\/strong> &#8211; <strong>Konzertreihe \u201cUnerh\u00f6rte Musik\u201d (Berlin, DE)<\/strong><br>Jinwook Jung<mark style=\"background-color:rgba(0, 0, 0, 0);color:#cf2e2e\" class=\"has-inline-color\">*<\/mark>, Kobzar<mark style=\"background-color:rgba(0, 0, 0, 0);color:#cf2e2e\" class=\"has-inline-color\">*<\/mark>, Po-Chien Liu<mark style=\"background-color:rgba(0, 0, 0, 0);color:#cf2e2e\" class=\"has-inline-color\">*<\/mark><\/p>\n\n\n\n<div style=\"height:40px\" aria-hidden=\"true\" class=\"wp-block-spacer\"><\/div>\n\n\n\n<p class=\"has-extra-large-font-size\" style=\"margin-top:0px;margin-right:0px;margin-bottom:0px;margin-left:0px;padding-top:0px;padding-right:0px;padding-bottom:0px;padding-left:0px\"><strong>2025<\/strong><\/p>\n\n\n\n<p><strong>27.02.2025<\/strong> &#8211; <strong>impuls 2025 (Graz, AT)<\/strong><br>Franza<mark style=\"background-color:rgba(0, 0, 0, 0);color:#cf2e2e\" class=\"has-inline-color\">*<\/mark>, Ill\u00e9s, Mei-Fang Lin, Shiwei Liu<mark style=\"background-color:rgba(0, 0, 0, 0);color:#cf2e2e\" class=\"has-inline-color\">*<\/mark>, Selvaggi<mark style=\"background-color:rgba(0, 0, 0, 0);color:#cf2e2e\" class=\"has-inline-color\">*<\/mark><br><strong>13.04.2025<\/strong> &#8211; <a href=\"https:\/\/musik21niedersachsen.de\/veranstaltung\/magazin-festival-2\" target=\"_blank\" rel=\"noreferrer noopener\"><strong>Magazin-Festival 2025 (Hannover, DE)<\/strong><\/a><br>Franza, Ill\u00e9s, Mei-Fang Lin, Nordin<mark style=\"background-color:rgba(0, 0, 0, 0);color:#cf2e2e\" class=\"has-inline-color\">*<\/mark>, Robin<br><strong>03.09.2025<\/strong> &#8211; <strong>Privates Hauskonzert (Frankfurt, DE)<\/strong><br>Hersant, Ill\u00e9s, Kurt\u00e1g, Hanurij Lee, Mamlok, Stroppa<br><strong>05.-06.09.2025<\/strong> &#8211; <strong>John Cage Award (Halberstadt, DE)<\/strong><br>Hanurij Lee, Mamlok, Robin, Stroppa<br><strong>03.10.2025<\/strong> &#8211; <a href=\"https:\/\/www.hangar-21.eu\/veranstaltungen-workshops\/kalender\/kalender\/16-hoerfest-neue-musik\/\" target=\"_blank\" rel=\"noreferrer noopener\"><strong>16. H\u00f6rfest Neue Musik (Detmold, DE)<\/strong><\/a><br>Bedrossian, Hersant, Ill\u00e9s, Hanurij Lee<mark style=\"background-color:rgba(0, 0, 0, 0);color:#cf2e2e\" class=\"has-inline-color\">*<\/mark>, Mamlok, Nordin, N\u00f8rg\u00e5rd<br><br><mark style=\"background-color:rgba(0, 0, 0, 0);color:#cf2e2e\" class=\"has-inline-color\">*<\/mark> Urauff\u00fchrung<\/p>","protected":false},"excerpt":{"rendered":"<p>2026 15.04.2026 &#8211; Klangbr\u00fccken Festival (Hannover, GER)Abedian*, Berg, Cage, Feldman, Kurt\u00e1g, Mamlok, Wystup*16.04.2026 &#8211; Private concert (Hannover, GER)Bruch, Hersant, Horovitz, Mozart, Rachmaninov, Saint-Sa\u00ebns, Schumann23.04.2026 &#8211; Concert series &#8220;Voraush\u00f6ren&#8221; (Frankfurt, GER)Kurt\u00e1g, Lee, Schumann, Stroppa, V\u00f6lbel*28.06.2026 &#8211; Konzerthaus Berlin (Berlin, GER)Hanurij Lee, Ill\u00e9s, Kurt\u00e1g, Mamlok17.11.2026 &#8211; Concert series &#8220;Unerh\u00f6rte Musik&#8221; (Berlin, GER)Jinwook Jung*, Kobzar*, Po-Chien Liu* 2025 [&hellip;]<\/p>\n","protected":false},"author":1,"featured_media":190,"parent":0,"menu_order":0,"comment_status":"closed","ping_status":"closed","template":"","meta":{"footnotes":""},"class_list":["post-88","page","type-page","status-publish","has-post-thumbnail","hentry"],"_links":{"self":[{"href":"https:\/\/track3ensemble.eu\/de\/wp-json\/wp\/v2\/pages\/88","targetHints":{"allow":["GET"]}}],"collection":[{"href":"https:\/\/track3ensemble.eu\/de\/wp-json\/wp\/v2\/pages"}],"about":[{"href":"https:\/\/track3ensemble.eu\/de\/wp-json\/wp\/v2\/types\/page"}],"author":[{"embeddable":true,"href":"https:\/\/track3ensemble.eu\/de\/wp-json\/wp\/v2\/users\/1"}],"replies":[{"embeddable":true,"href":"https:\/\/track3ensemble.eu\/de\/wp-json\/wp\/v2\/comments?post=88"}],"version-history":[{"count":59,"href":"https:\/\/track3ensemble.eu\/de\/wp-json\/wp\/v2\/pages\/88\/revisions"}],"predecessor-version":[{"id":458,"href":"https:\/\/track3ensemble.eu\/de\/wp-json\/wp\/v2\/pages\/88\/revisions\/458"}],"wp:featuredmedia":[{"embeddable":true,"href":"https:\/\/track3ensemble.eu\/de\/wp-json\/wp\/v2\/media\/190"}],"wp:attachment":[{"href":"https:\/\/track3ensemble.eu\/de\/wp-json\/wp\/v2\/media?parent=88"}],"curies":[{"name":"wp","href":"https:\/\/api.w.org\/{rel}","templated":true}]}}